{"id":2257,"date":"2018-12-05T17:22:23","date_gmt":"2018-12-05T14:22:23","guid":{"rendered":"http:\/\/ozeltomurcukanaokulu.com\/t\/?page_id=2257"},"modified":"2018-12-07T14:12:58","modified_gmt":"2018-12-07T11:12:58","slug":"iletisim","status":"publish","type":"page","link":"https:\/\/ozeltomurcukanaokulu.com\/index.php\/iletisim\/","title":{"rendered":"\u0130LET\u0130\u015e\u0130M"},"content":{"rendered":"<div id=\"pl-2257\"  class=\"panel-layout\" ><div id=\"pg-2257-0\"  class=\"panel-grid panel-no-style\" ><div id=\"pgc-2257-0-0\"  class=\"panel-grid-cell\" ><div id=\"panel-2257-0-0-0\" class=\"so-panel widget widget_sow-icon panel-first-child\" data-index=\"0\" ><div\n\t\t\t\n\t\t\tclass=\"so-widget-sow-icon so-widget-sow-icon-default-e76428bf3413-2257\"\n\t\t\t\n\t\t>\n<div class=\"sow-icon-container sow-icon\">\n\t\t\t<span class=\"sow-icon-fontawesome sow-fas\" data-sow-icon=\"&#xf095;\"\n\t\t \n\t\taria-hidden=\"true\"><\/span>\t<\/div>\n<\/div><\/div><div id=\"panel-2257-0-0-1\" class=\"so-panel widget widget_text panel-last-child\" data-index=\"1\" ><h3 class=\"widget-title\">Telefon<\/h3>\t\t\t<div class=\"textwidget\"><\/div>\n\t\t<\/div><\/div><div id=\"pgc-2257-0-1\"  class=\"panel-grid-cell\" ><div id=\"panel-2257-0-1-0\" class=\"so-panel widget widget_sow-icon panel-first-child\" data-index=\"2\" ><div\n\t\t\t\n\t\t\tclass=\"so-widget-sow-icon so-widget-sow-icon-default-e76428bf3413-2257\"\n\t\t\t\n\t\t>\n<div class=\"sow-icon-container sow-icon\">\n\t\t\t<span class=\"sow-icon-fontawesome sow-far\" data-sow-icon=\"&#xf2b9;\"\n\t\t \n\t\taria-hidden=\"true\"><\/span>\t<\/div>\n<\/div><\/div><div id=\"panel-2257-0-1-1\" class=\"so-panel widget widget_text panel-last-child\" data-index=\"3\" ><h3 class=\"widget-title\">Adres<\/h3>\t\t\t<div class=\"textwidget\"><p>Y\u0131ld\u0131zl\u0131 Mahallesi, Mimoza Sk. No:3, 61310 Ak\u00e7aabat\/Trabzon<\/p>\n<\/div>\n\t\t<\/div><\/div><div id=\"pgc-2257-0-2\"  class=\"panel-grid-cell\" ><div id=\"panel-2257-0-2-0\" class=\"so-panel widget widget_sow-icon panel-first-child\" data-index=\"4\" ><div\n\t\t\t\n\t\t\tclass=\"so-widget-sow-icon so-widget-sow-icon-default-e76428bf3413-2257\"\n\t\t\t\n\t\t>\n<div class=\"sow-icon-container sow-icon\">\n\t\t\t<span class=\"sow-icon-fontawesome sow-fas\" data-sow-icon=\"&#xf16d;\"\n\t\t \n\t\taria-hidden=\"true\"><\/span>\t<\/div>\n<\/div><\/div><div id=\"panel-2257-0-2-1\" class=\"so-panel widget widget_text panel-last-child\" data-index=\"5\" ><h3 class=\"widget-title\">\u0130nstagram<\/h3>\t\t\t<div class=\"textwidget\"><p><a href=\"https:\/\/www.instagram.com\/tomurcuk_anaokulu\/\" target=\"_blank\" rel=\"noopener\">tomurcuk_anaokulu<\/a><\/p>\n<\/div>\n\t\t<\/div><\/div><\/div><div id=\"pg-2257-1\"  class=\"panel-grid panel-no-style\" ><div id=\"pgc-2257-1-0\"  class=\"panel-grid-cell\" ><div id=\"panel-2257-1-0-0\" class=\"so-panel widget widget_sow-editor panel-first-child panel-last-child\" data-index=\"6\" ><div\n\t\t\t\n\t\t\tclass=\"so-widget-sow-editor so-widget-sow-editor-base\"\n\t\t\t\n\t\t>\n<div class=\"siteorigin-widget-tinymce textwidget\">\n\t<p><iframe loading=\"lazy\" style=\"border: 0;\" src=\"https:\/\/www.google.com\/maps\/embed?pb=!1m18!1m12!1m3!1d9815.950995128705!2d39.61602207689855!3d41.01118388743642!2m3!1f0!2f0!3f0!3m2!1i1024!2i768!4f13.1!3m3!1m2!1s0x406415f1f8b750b1%3A0x71860daed8768079!2s%C3%96zel+Tomurcuk+Anaokulu!5e1!3m2!1str!2str!4v1544006944963\" width=\"1100\" height=\"400\" frameborder=\"0\" allowfullscreen=\"allowfullscreen\"><\/iframe><\/p>\n<\/div>\n<\/div><\/div><\/div><\/div><\/div>","protected":false},"excerpt":{"rendered":"<p>Y\u0131ld\u0131zl\u0131 Mahallesi, Mimoza Sk. No:3, 61310 Ak\u00e7aabat\/Trabzon tomurcuk_anaokulu<\/p>\n","protected":false},"author":1,"featured_media":0,"parent":0,"menu_order":0,"comment_status":"closed","ping_status":"closed","template":"","meta":{"footnotes":""},"class_list":["post-2257","page","type-page","status-publish","hentry"],"_links":{"self":[{"href":"https:\/\/ozeltomurcukanaokulu.com\/index.php\/wp-json\/wp\/v2\/pages\/2257","targetHints":{"allow":["GET"]}}],"collection":[{"href":"https:\/\/ozeltomurcukanaokulu.com\/index.php\/wp-json\/wp\/v2\/pages"}],"about":[{"href":"https:\/\/ozeltomurcukanaokulu.com\/index.php\/wp-json\/wp\/v2\/types\/page"}],"author":[{"embeddable":true,"href":"https:\/\/ozeltomurcukanaokulu.com\/index.php\/wp-json\/wp\/v2\/users\/1"}],"replies":[{"embeddable":true,"href":"https:\/\/ozeltomurcukanaokulu.com\/index.php\/wp-json\/wp\/v2\/comments?post=2257"}],"version-history":[{"count":11,"href":"https:\/\/ozeltomurcukanaokulu.com\/index.php\/wp-json\/wp\/v2\/pages\/2257\/revisions"}],"predecessor-version":[{"id":2295,"href":"https:\/\/ozeltomurcukanaokulu.com\/index.php\/wp-json\/wp\/v2\/pages\/2257\/revisions\/2295"}],"wp:attachment":[{"href":"https:\/\/ozeltomurcukanaokulu.com\/index.php\/wp-json\/wp\/v2\/media?parent=2257"}],"curies":[{"name":"wp","href":"https:\/\/api.w.org\/{rel}","templated":true}]}}