{"id":1986,"date":"2018-10-23T10:35:53","date_gmt":"2018-10-23T07:35:53","guid":{"rendered":"http:\/\/ozeltomurcukanaokulu.com\/t\/?page_id=1986"},"modified":"2018-11-28T13:39:57","modified_gmt":"2018-11-28T10:39:57","slug":"kurumsal","status":"publish","type":"page","link":"https:\/\/ozeltomurcukanaokulu.com\/index.php\/kurumsal\/","title":{"rendered":"KURUMSAL"},"content":{"rendered":"<p><span style=\"color: #000000;\"><strong>TOMURCUK ANAOKULU<\/strong><\/span><br \/>\n<span style=\"color: #000000;\">Okul \u00f6ncesi e\u011fitimin \u00e7ocuklar, aileler ve toplum a\u00e7\u0131s\u0131ndan bir\u00e7ok faydas\u0131 vard\u0131r.<\/span><br \/>\n<span style=\"color: #000000;\">0-6 ya\u015f aras\u0131n\u0131 kapsayan erken \u00e7ocukluk d\u00f6nemi \u00e7ocu\u011fun en h\u0131zl\u0131 geli\u015fti\u011fi d\u00f6nemdir. Yap\u0131lan \u00e7al\u0131\u015fmalar okul \u00f6ncesi e\u011fitim alan \u00e7ocuklarda, okula devam oranlar\u0131n\u0131n ve okul ba\u015far\u0131s\u0131n\u0131n daha y\u00fcksek oldu\u011funu g\u00f6stermi\u015ftir.<\/span><\/p>\n<p><span style=\"color: #000000;\">Okul \u00f6ncesi e\u011fitim; sosyal ve duygusal geli\u015fimi destekleyerek, yeti\u015fkinlik d\u00f6nemlerinde de ki\u015filerin daha \u00fcretici ve verimli olmalar\u0131na olanak sa\u011flar.<\/span><br \/>\n<span style=\"color: #000000;\">Tomurcuk ailesi olarak biz de; \u201cE\u011e\u0130T\u0130M KALBE DOKUNMAKTIR.\u201d dedik ve yola koyulduk.<\/span><br \/>\n<span style=\"color: #000000;\">Ad\u0131m att\u0131\u011f\u0131m\u0131z bu d\u00f6rd\u00fcnc\u00fc sezonda amac\u0131m\u0131z; bilgili, k\u00fclt\u00fcrl\u00fc, e\u011fitimli, ahlakl\u0131, sayg\u0131l\u0131, sevgi dolu, milli ve manevi de\u011ferlere \u00f6nem veren bir nesil yeti\u015ftirmek\u2026<\/span><br \/>\n<span style=\"color: #000000;\">Oyun bah\u00e7esini and\u0131ran s\u0131n\u0131flar\u0131m\u0131zda minik yavrular\u0131m\u0131z bir yandan oyuncakla oynarken bir yandan da \u00f6\u011fretmenlerinin \u015fefkatli kollar\u0131nda e\u011fitime merhaba diyorlar.<\/span><\/p>\n<p><span style=\"color: #000000;\">S\u0131n\u0131flar\u0131m\u0131zda minik \u00f6\u011frencilerimizin el becerilerini, yorumlama, d\u00fc\u015f\u00fcnme ve konu\u015fma yeteneklerinin geli\u015ftirici bireysel ve toplu etkinlikler d\u00fczenlenmekte, anne kuca\u011f\u0131ndan e\u011fitim oca\u011f\u0131na ge\u00e7i\u015fleri en iyi \u015fekilde sa\u011flanmaktad\u0131r.<\/span><br \/>\n<span style=\"color: #000000;\">Alan\u0131nda uzman bran\u015f \u00f6\u011fretmenleri ve g\u00fcvenli servis ta\u015f\u0131mac\u0131l\u0131\u011f\u0131 ile hizmet vermekteyiz. Ayr\u0131ca okulumuz sabah 07:30 ak\u015fam 16:30 aras\u0131 hizmet vermektedir.<\/span><br \/>\n<span style=\"color: #000000;\">\u00c7ocuklar\u0131m\u0131z ya\u015flar\u0131na g\u00f6re grupland\u0131r\u0131lm\u0131\u015f s\u0131n\u0131flarda e\u011fitim almaktad\u0131rlar.<\/span><br \/>\n<span style=\"color: #000000;\">Bah\u00e7emizde \u00e7ocuklar\u0131m\u0131za geni\u015f ve g\u00fcvenli oyun alan\u0131 sa\u011fl\u0131yoruz.<\/span><br \/>\n<span style=\"color: #000000;\"><strong>\u00a0<\/strong><\/span><br \/>\n<span style=\"color: #000000;\"><strong>\u201cE\u011e\u0130T\u0130M KALBE DOKUNMAKTIR\u201d bizi tan\u0131y\u0131nca, e\u011fitim sistemimizi \u00f6\u011frenince biz daha \u00f6nce neredeydik diyeceksiniz. Haydin TOMURCU\u011eA&#8230;<\/strong><\/span><\/p>\n","protected":false},"excerpt":{"rendered":"<p>TOMURCUK ANAOKULU Okul \u00f6ncesi e\u011fitimin \u00e7ocuklar, aileler ve toplum a\u00e7\u0131s\u0131ndan bir\u00e7ok faydas\u0131 vard\u0131r. 0-6 ya\u015f aras\u0131n\u0131 kapsayan erken \u00e7ocukluk d\u00f6nemi \u00e7ocu\u011fun en h\u0131zl\u0131 geli\u015fti\u011fi d\u00f6nemdir. Yap\u0131lan \u00e7al\u0131\u015fmalar okul \u00f6ncesi e\u011fitim alan \u00e7ocuklarda, okula devam oranlar\u0131n\u0131n ve okul ba\u015far\u0131s\u0131n\u0131n daha y\u00fcksek oldu\u011funu g\u00f6stermi\u015ftir. Okul \u00f6ncesi e\u011fitim; sosyal ve duygusal geli\u015fimi destekleyerek, yeti\u015fkinlik d\u00f6nemlerinde de ki\u015filerin daha&#8230;<\/p>\n","protected":false},"author":1,"featured_media":0,"parent":0,"menu_order":0,"comment_status":"closed","ping_status":"closed","template":"","meta":{"footnotes":""},"class_list":["post-1986","page","type-page","status-publish","hentry"],"_links":{"self":[{"href":"https:\/\/ozeltomurcukanaokulu.com\/index.php\/wp-json\/wp\/v2\/pages\/1986","targetHints":{"allow":["GET"]}}],"collection":[{"href":"https:\/\/ozeltomurcukanaokulu.com\/index.php\/wp-json\/wp\/v2\/pages"}],"about":[{"href":"https:\/\/ozeltomurcukanaokulu.com\/index.php\/wp-json\/wp\/v2\/types\/page"}],"author":[{"embeddable":true,"href":"https:\/\/ozeltomurcukanaokulu.com\/index.php\/wp-json\/wp\/v2\/users\/1"}],"replies":[{"embeddable":true,"href":"https:\/\/ozeltomurcukanaokulu.com\/index.php\/wp-json\/wp\/v2\/comments?post=1986"}],"version-history":[{"count":5,"href":"https:\/\/ozeltomurcukanaokulu.com\/index.php\/wp-json\/wp\/v2\/pages\/1986\/revisions"}],"predecessor-version":[{"id":2181,"href":"https:\/\/ozeltomurcukanaokulu.com\/index.php\/wp-json\/wp\/v2\/pages\/1986\/revisions\/2181"}],"wp:attachment":[{"href":"https:\/\/ozeltomurcukanaokulu.com\/index.php\/wp-json\/wp\/v2\/media?parent=1986"}],"curies":[{"name":"wp","href":"https:\/\/api.w.org\/{rel}","templated":true}]}}