{"id":1831,"date":"2016-11-13T08:55:41","date_gmt":"2016-11-13T08:55:41","guid":{"rendered":"https:\/\/themepalacedemo.com\/kids-education\/?page_id=1831"},"modified":"2018-12-03T17:26:17","modified_gmt":"2018-12-03T14:26:17","slug":"we-provide-quality-education-to-our-kids","status":"publish","type":"page","link":"https:\/\/ozeltomurcukanaokulu.com\/index.php\/we-provide-quality-education-to-our-kids\/","title":{"rendered":"\u00c7ocuklar\u0131m\u0131za kaliteli e\u011fitim veriyoruz."},"content":{"rendered":"","protected":false},"excerpt":{"rendered":"","protected":false},"author":1,"featured_media":1946,"parent":0,"menu_order":0,"comment_status":"closed","ping_status":"closed","template":"","meta":{"footnotes":""},"class_list":["post-1831","page","type-page","status-publish","has-post-thumbnail","hentry"],"_links":{"self":[{"href":"https:\/\/ozeltomurcukanaokulu.com\/index.php\/wp-json\/wp\/v2\/pages\/1831","targetHints":{"allow":["GET"]}}],"collection":[{"href":"https:\/\/ozeltomurcukanaokulu.com\/index.php\/wp-json\/wp\/v2\/pages"}],"about":[{"href":"https:\/\/ozeltomurcukanaokulu.com\/index.php\/wp-json\/wp\/v2\/types\/page"}],"author":[{"embeddable":true,"href":"https:\/\/ozeltomurcukanaokulu.com\/index.php\/wp-json\/wp\/v2\/users\/1"}],"replies":[{"embeddable":true,"href":"https:\/\/ozeltomurcukanaokulu.com\/index.php\/wp-json\/wp\/v2\/comments?post=1831"}],"version-history":[{"count":3,"href":"https:\/\/ozeltomurcukanaokulu.com\/index.php\/wp-json\/wp\/v2\/pages\/1831\/revisions"}],"predecessor-version":[{"id":2236,"href":"https:\/\/ozeltomurcukanaokulu.com\/index.php\/wp-json\/wp\/v2\/pages\/1831\/revisions\/2236"}],"wp:featuredmedia":[{"embeddable":true,"href":"https:\/\/ozeltomurcukanaokulu.com\/index.php\/wp-json\/wp\/v2\/media\/1946"}],"wp:attachment":[{"href":"https:\/\/ozeltomurcukanaokulu.com\/index.php\/wp-json\/wp\/v2\/media?parent=1831"}],"curies":[{"name":"wp","href":"https:\/\/api.w.org\/{rel}","templated":true}]}}