{"id":1755,"date":"2016-11-11T03:51:39","date_gmt":"2016-11-11T03:51:39","guid":{"rendered":"https:\/\/themepalacedemo.com\/kids-education\/?page_id=1755"},"modified":"2018-12-03T17:26:22","modified_gmt":"2018-12-03T14:26:22","slug":"live-love-learn-teach","status":"publish","type":"page","link":"https:\/\/ozeltomurcukanaokulu.com\/index.php\/live-love-learn-teach\/","title":{"rendered":"Canl\u0131, Sevgi, \u00d6\u011fren, \u00d6\u011fret"},"content":{"rendered":"","protected":false},"excerpt":{"rendered":"","protected":false},"author":1,"featured_media":1832,"parent":0,"menu_order":0,"comment_status":"closed","ping_status":"closed","template":"","meta":{"footnotes":""},"class_list":["post-1755","page","type-page","status-publish","has-post-thumbnail","hentry"],"_links":{"self":[{"href":"https:\/\/ozeltomurcukanaokulu.com\/index.php\/wp-json\/wp\/v2\/pages\/1755","targetHints":{"allow":["GET"]}}],"collection":[{"href":"https:\/\/ozeltomurcukanaokulu.com\/index.php\/wp-json\/wp\/v2\/pages"}],"about":[{"href":"https:\/\/ozeltomurcukanaokulu.com\/index.php\/wp-json\/wp\/v2\/types\/page"}],"author":[{"embeddable":true,"href":"https:\/\/ozeltomurcukanaokulu.com\/index.php\/wp-json\/wp\/v2\/users\/1"}],"replies":[{"embeddable":true,"href":"https:\/\/ozeltomurcukanaokulu.com\/index.php\/wp-json\/wp\/v2\/comments?post=1755"}],"version-history":[{"count":3,"href":"https:\/\/ozeltomurcukanaokulu.com\/index.php\/wp-json\/wp\/v2\/pages\/1755\/revisions"}],"predecessor-version":[{"id":2237,"href":"https:\/\/ozeltomurcukanaokulu.com\/index.php\/wp-json\/wp\/v2\/pages\/1755\/revisions\/2237"}],"wp:featuredmedia":[{"embeddable":true,"href":"https:\/\/ozeltomurcukanaokulu.com\/index.php\/wp-json\/wp\/v2\/media\/1832"}],"wp:attachment":[{"href":"https:\/\/ozeltomurcukanaokulu.com\/index.php\/wp-json\/wp\/v2\/media?parent=1755"}],"curies":[{"name":"wp","href":"https:\/\/api.w.org\/{rel}","templated":true}]}}